{"id":5077,"date":"2024-01-22T08:28:02","date_gmt":"2024-01-22T13:28:02","guid":{"rendered":"https:\/\/hsa-consulting.com\/portfolio-gallery-copy\/"},"modified":"2024-01-29T10:25:20","modified_gmt":"2024-01-29T15:25:20","slug":"gestion-des-ressources-humaines","status":"publish","type":"page","link":"https:\/\/hsa-consulting.com\/?page_id=5077","title":{"rendered":"Gestion des ressources humaines"},"content":{"rendered":"\t\t<div data-elementor-type=\"wp-page\" data-elementor-id=\"5077\" class=\"elementor elementor-5077\">\n\t\t\t\t\t\t<section class=\"elementor-section elementor-top-section elementor-element elementor-element-d943316 elementor-section-boxed elementor-section-height-default elementor-section-height-default\" data-id=\"d943316\" data-element_type=\"section\">\n\t\t\t\t\t\t<div class=\"elementor-container elementor-column-gap-default\">\n\t\t\t\t\t<div class=\"elementor-column elementor-col-100 elementor-top-column elementor-element elementor-element-2e08c26\" data-id=\"2e08c26\" data-element_type=\"column\">\n\t\t\t<div class=\"elementor-widget-wrap elementor-element-populated\">\n\t\t\t\t\t\t<div class=\"elementor-element elementor-element-5585b33 elementor-widget elementor-widget-heading\" data-id=\"5585b33\" data-element_type=\"widget\" data-widget_type=\"heading.default\">\n\t\t\t\t<div class=\"elementor-widget-container\">\n\t\t\t<style>\/*! elementor - v3.20.0 - 26-03-2024 *\/\n.elementor-heading-title{padding:0;margin:0;line-height:1}.elementor-widget-heading .elementor-heading-title[class*=elementor-size-]>a{color:inherit;font-size:inherit;line-height:inherit}.elementor-widget-heading .elementor-heading-title.elementor-size-small{font-size:15px}.elementor-widget-heading .elementor-heading-title.elementor-size-medium{font-size:19px}.elementor-widget-heading .elementor-heading-title.elementor-size-large{font-size:29px}.elementor-widget-heading .elementor-heading-title.elementor-size-xl{font-size:39px}.elementor-widget-heading .elementor-heading-title.elementor-size-xxl{font-size:59px}<\/style><h2 class=\"elementor-heading-title elementor-size-default\">Gestion des ressources humaines :<\/h2>\t\t<\/div>\n\t\t\t\t<\/div>\n\t\t\t\t\t<\/div>\n\t\t<\/div>\n\t\t\t\t\t<\/div>\n\t\t<\/section>\n\t\t\t\t<section class=\"elementor-section elementor-top-section elementor-element elementor-element-1db7a73 elementor-section-boxed elementor-section-height-default elementor-section-height-default\" data-id=\"1db7a73\" data-element_type=\"section\">\n\t\t\t\t\t\t<div class=\"elementor-container elementor-column-gap-default\">\n\t\t\t\t\t<div class=\"elementor-column elementor-col-50 elementor-top-column elementor-element elementor-element-67d20ae\" data-id=\"67d20ae\" data-element_type=\"column\" data-settings=\"{&quot;background_background&quot;:&quot;classic&quot;}\">\n\t\t\t<div class=\"elementor-widget-wrap elementor-element-populated\">\n\t\t\t\t\t\t<div class=\"elementor-element elementor-element-0d56ab2 elementor-widget elementor-widget-heading\" data-id=\"0d56ab2\" data-element_type=\"widget\" data-widget_type=\"heading.default\">\n\t\t\t\t<div class=\"elementor-widget-container\">\n\t\t\t<h2 class=\"elementor-heading-title elementor-size-default\">GESTION RECRUTEMENT ET INT\u00c9GRATION<\/h2>\t\t<\/div>\n\t\t\t\t<\/div>\n\t\t\t\t<div class=\"elementor-element elementor-element-8ed70d2 elementor-widget elementor-widget-text-editor\" data-id=\"8ed70d2\" data-element_type=\"widget\" data-widget_type=\"text-editor.default\">\n\t\t\t\t<div class=\"elementor-widget-container\">\n\t\t\t<style>\/*! elementor - v3.20.0 - 26-03-2024 *\/\n.elementor-widget-text-editor.elementor-drop-cap-view-stacked .elementor-drop-cap{background-color:#69727d;color:#fff}.elementor-widget-text-editor.elementor-drop-cap-view-framed .elementor-drop-cap{color:#69727d;border:3px solid;background-color:transparent}.elementor-widget-text-editor:not(.elementor-drop-cap-view-default) .elementor-drop-cap{margin-top:8px}.elementor-widget-text-editor:not(.elementor-drop-cap-view-default) .elementor-drop-cap-letter{width:1em;height:1em}.elementor-widget-text-editor .elementor-drop-cap{float:left;text-align:center;line-height:1;font-size:50px}.elementor-widget-text-editor .elementor-drop-cap-letter{display:inline-block}<\/style>\t\t\t\t<p><strong>Recrutement :<\/strong><strong>\u00a0Nous \u00e9laborons et r\u00e9alisons pour vous : <\/strong><\/p><ul><li>Un plan de recrutement \u00e9volutif<\/li><li>Une mise en place de votre plan de recrutement<\/li><\/ul><p><strong>Int\u00e9gration :<\/strong><\/p><ul><li>Nous vous accompagnons dans cette \u00e9tape importante qui conditionnera le succ\u00e8s de l\u2019entr\u00e9e de la nouvelle recrue et son adaptation \u00e0 son nouvel environnement professionnel.<\/li><li>Nous pr\u00e9parons pour vous un plan d\u2019int\u00e9gration qui assurera une int\u00e9gration r\u00e9ussie pour votre nouvelle recrue, regroupant les outils d\u2019int\u00e9gration les plus modernes.<\/li><\/ul>\t\t\t\t\t\t<\/div>\n\t\t\t\t<\/div>\n\t\t\t\t\t<\/div>\n\t\t<\/div>\n\t\t\t\t<div class=\"elementor-column elementor-col-50 elementor-top-column elementor-element elementor-element-d1b153a\" data-id=\"d1b153a\" data-element_type=\"column\" data-settings=\"{&quot;background_background&quot;:&quot;classic&quot;}\">\n\t\t\t<div class=\"elementor-widget-wrap elementor-element-populated\">\n\t\t\t\t\t\t<div class=\"elementor-element elementor-element-a6006c0 elementor-widget elementor-widget-heading\" data-id=\"a6006c0\" data-element_type=\"widget\" data-widget_type=\"heading.default\">\n\t\t\t\t<div class=\"elementor-widget-container\">\n\t\t\t<h2 class=\"elementor-heading-title elementor-size-default\">GESTION DES CARRI\u00c8RES ET DES COMP\u00c9TENCES<\/h2>\t\t<\/div>\n\t\t\t\t<\/div>\n\t\t\t\t<div class=\"elementor-element elementor-element-ad2d2ef elementor-widget elementor-widget-text-editor\" data-id=\"ad2d2ef\" data-element_type=\"widget\" data-widget_type=\"text-editor.default\">\n\t\t\t\t<div class=\"elementor-widget-container\">\n\t\t\t\t\t\t\t<p>C\u2019est l\u2019accompagnement de vos collaborateurs tout au long de leur vie au sein de votre entreprise.<\/p><ul><li>Dans cette d\u00e9marche nous assurons pour vous l\u2019ad\u00e9quation entre les besoins Individuels de vos employ\u00e9s (d\u00e9veloppement des comp\u00e9tences.) et les besoins de votre entreprise (d\u00e9veloppement du potentiel humain, mise en place d\u2019une rel\u00e8ve de qualit\u00e9&#8230;).<\/li><li>Nous mettons entre vos mains notre savoir-faire pour identifier pour vous<\/li><\/ul><p>* \u00a0 Les effectifs dont vous aurez besoin aujourd\u2019hui\u00a0<\/p><p>* \u00a0 Les effectifs dont vous aurez besoin demain\u00a0<\/p><p>*\u00a0\u00a0 Les comp\u00e9tences que compte et que devra compter votre entreprise \u00e0 moyen terme<\/p>\t\t\t\t\t\t<\/div>\n\t\t\t\t<\/div>\n\t\t\t\t\t<\/div>\n\t\t<\/div>\n\t\t\t\t\t<\/div>\n\t\t<\/section>\n\t\t\t\t<section class=\"elementor-section elementor-top-section elementor-element elementor-element-c539191 elementor-section-boxed elementor-section-height-default elementor-section-height-default\" data-id=\"c539191\" data-element_type=\"section\">\n\t\t\t\t\t\t<div class=\"elementor-container elementor-column-gap-default\">\n\t\t\t\t\t<div class=\"elementor-column elementor-col-100 elementor-top-column elementor-element elementor-element-3813e94\" data-id=\"3813e94\" data-element_type=\"column\">\n\t\t\t<div class=\"elementor-widget-wrap elementor-element-populated\">\n\t\t\t\t\t\t<div class=\"elementor-element elementor-element-41b477b elementor-widget elementor-widget-image\" data-id=\"41b477b\" data-element_type=\"widget\" data-widget_type=\"image.default\">\n\t\t\t\t<div class=\"elementor-widget-container\">\n\t\t\t<style>\/*! elementor - v3.20.0 - 26-03-2024 *\/\n.elementor-widget-image{text-align:center}.elementor-widget-image a{display:inline-block}.elementor-widget-image a img[src$=\".svg\"]{width:48px}.elementor-widget-image img{vertical-align:middle;display:inline-block}<\/style>\t\t\t\t\t\t\t\t\t\t<img fetchpriority=\"high\" decoding=\"async\" width=\"690\" height=\"283\" src=\"https:\/\/hsa-consulting.com\/wp-content\/uploads\/2024\/01\/CIEFA-Paris-6.png\" class=\"attachment-large size-large wp-image-5084\" alt=\"\" \/>\t\t\t\t\t\t\t\t\t\t\t\t\t<\/div>\n\t\t\t\t<\/div>\n\t\t\t\t\t<\/div>\n\t\t<\/div>\n\t\t\t\t\t<\/div>\n\t\t<\/section>\n\t\t\t\t<section class=\"elementor-section elementor-top-section elementor-element elementor-element-08d98ab elementor-section-boxed elementor-section-height-default elementor-section-height-default\" data-id=\"08d98ab\" data-element_type=\"section\">\n\t\t\t\t\t\t<div class=\"elementor-container elementor-column-gap-default\">\n\t\t\t\t\t<div class=\"elementor-column elementor-col-50 elementor-top-column elementor-element elementor-element-4c187e6\" data-id=\"4c187e6\" data-element_type=\"column\" data-settings=\"{&quot;background_background&quot;:&quot;classic&quot;}\">\n\t\t\t<div class=\"elementor-widget-wrap elementor-element-populated\">\n\t\t\t\t\t\t<div class=\"elementor-element elementor-element-63ffebf elementor-widget elementor-widget-heading\" data-id=\"63ffebf\" data-element_type=\"widget\" data-widget_type=\"heading.default\">\n\t\t\t\t<div class=\"elementor-widget-container\">\n\t\t\t<h2 class=\"elementor-heading-title elementor-size-default\">GESTION DE LA FORMATION ET DEVELOPPEMENT DES COMPETENCES :<\/h2>\t\t<\/div>\n\t\t\t\t<\/div>\n\t\t\t\t<div class=\"elementor-element elementor-element-cd61062 elementor-widget elementor-widget-text-editor\" data-id=\"cd61062\" data-element_type=\"widget\" data-widget_type=\"text-editor.default\">\n\t\t\t\t<div class=\"elementor-widget-container\">\n\t\t\t\t\t\t\t<p>Nous assurons pour vous le Management de la formation, outil indispensable \u00e0 votre Gestion des Ressources Humaines pour concr\u00e9tiser votre politique RH, en plusieurs \u00e9tapes :<\/p><ul><li>Identification des besoins en formation et d\u00e9veloppement des comp\u00e9tences<\/li><li>Elaboration du Plan de Formation et de d\u00e9veloppement des Comp\u00e9tences<\/li><li>R\u00e9alisation des actions de formation<\/li><li>\u00c9valuation des actions de formation<\/li><\/ul>\t\t\t\t\t\t<\/div>\n\t\t\t\t<\/div>\n\t\t\t\t\t<\/div>\n\t\t<\/div>\n\t\t\t\t<div class=\"elementor-column elementor-col-50 elementor-top-column elementor-element elementor-element-7393bb7\" data-id=\"7393bb7\" data-element_type=\"column\" data-settings=\"{&quot;background_background&quot;:&quot;classic&quot;}\">\n\t\t\t<div class=\"elementor-widget-wrap elementor-element-populated\">\n\t\t\t\t\t\t<div class=\"elementor-element elementor-element-7479295 elementor-widget elementor-widget-heading\" data-id=\"7479295\" data-element_type=\"widget\" data-widget_type=\"heading.default\">\n\t\t\t\t<div class=\"elementor-widget-container\">\n\t\t\t<h2 class=\"elementor-heading-title elementor-size-default\">MISE EN PLACE DU SYST\u00c8ME D\u2019INFORMATION RH :<\/h2>\t\t<\/div>\n\t\t\t\t<\/div>\n\t\t\t\t<div class=\"elementor-element elementor-element-2aa49c0 elementor-widget elementor-widget-text-editor\" data-id=\"2aa49c0\" data-element_type=\"widget\" data-widget_type=\"text-editor.default\">\n\t\t\t\t<div class=\"elementor-widget-container\">\n\t\t\t\t\t\t\t<p>Nous mettons \u00e0 votre service notre exp\u00e9rience pour vous accompagner tout au long du parcours de l\u2019impl\u00e9mentation de votre syst\u00e8me d\u2019information RH dans ses diff\u00e9rentes composantes et modules \u00a0<\/p><p>Portail RH, Gestion des cong\u00e9s et des absences, Gestion de la paie, Gestion des temps et des activit\u00e9s, Recrutement et Int\u00e9gration, Formation, Gestion des comp\u00e9tences et des talents, Gestion des services sociaux, Gestion des r\u00e9mun\u00e9rations<\/p>\t\t\t\t\t\t<\/div>\n\t\t\t\t<\/div>\n\t\t\t\t\t<\/div>\n\t\t<\/div>\n\t\t\t\t\t<\/div>\n\t\t<\/section>\n\t\t\t\t<\/div>\n\t\t","protected":false},"excerpt":{"rendered":"<p>Gestion des ressources humaines : GESTION RECRUTEMENT ET INT\u00c9GRATION Recrutement :\u00a0Nous \u00e9laborons et r\u00e9alisons pour vous : Un plan de recrutement \u00e9volutif Une mise en place de votre plan de recrutement Int\u00e9gration : Nous vous accompagnons dans cette \u00e9tape importante qui conditionnera le succ\u00e8s de l\u2019entr\u00e9e de la nouvelle recrue et son adaptation \u00e0 son [&hellip;]<\/p>\n","protected":false},"author":2,"featured_media":0,"parent":0,"menu_order":0,"comment_status":"closed","ping_status":"closed","template":"","meta":{"_vp_format_video_url":"","_vp_image_focal_point":[],"footnotes":""},"class_list":["post-5077","page","type-page","status-publish","hentry"],"_links":{"self":[{"href":"https:\/\/hsa-consulting.com\/index.php?rest_route=\/wp\/v2\/pages\/5077","targetHints":{"allow":["GET"]}}],"collection":[{"href":"https:\/\/hsa-consulting.com\/index.php?rest_route=\/wp\/v2\/pages"}],"about":[{"href":"https:\/\/hsa-consulting.com\/index.php?rest_route=\/wp\/v2\/types\/page"}],"author":[{"embeddable":true,"href":"https:\/\/hsa-consulting.com\/index.php?rest_route=\/wp\/v2\/users\/2"}],"replies":[{"embeddable":true,"href":"https:\/\/hsa-consulting.com\/index.php?rest_route=%2Fwp%2Fv2%2Fcomments&post=5077"}],"version-history":[{"count":46,"href":"https:\/\/hsa-consulting.com\/index.php?rest_route=\/wp\/v2\/pages\/5077\/revisions"}],"predecessor-version":[{"id":5715,"href":"https:\/\/hsa-consulting.com\/index.php?rest_route=\/wp\/v2\/pages\/5077\/revisions\/5715"}],"wp:attachment":[{"href":"https:\/\/hsa-consulting.com\/index.php?rest_route=%2Fwp%2Fv2%2Fmedia&parent=5077"}],"curies":[{"name":"wp","href":"https:\/\/api.w.org\/{rel}","templated":true}]}}