{"id":5050,"date":"2024-01-22T08:00:00","date_gmt":"2024-01-22T13:00:00","guid":{"rendered":"https:\/\/hsa-consulting.com\/portfolio-gallery-copy\/"},"modified":"2024-01-29T10:25:42","modified_gmt":"2024-01-29T15:25:42","slug":"conseil-et-assistance-strategique","status":"publish","type":"page","link":"https:\/\/hsa-consulting.com\/?page_id=5050","title":{"rendered":"Conseil et assistance strat\u00e9gique"},"content":{"rendered":"\t\t<div data-elementor-type=\"wp-page\" data-elementor-id=\"5050\" class=\"elementor elementor-5050\">\n\t\t\t\t\t\t<section class=\"elementor-section elementor-top-section elementor-element elementor-element-d943316 elementor-section-boxed elementor-section-height-default elementor-section-height-default\" data-id=\"d943316\" data-element_type=\"section\">\n\t\t\t\t\t\t<div class=\"elementor-container elementor-column-gap-default\">\n\t\t\t\t\t<div class=\"elementor-column elementor-col-100 elementor-top-column elementor-element elementor-element-f888f24\" data-id=\"f888f24\" data-element_type=\"column\">\n\t\t\t<div class=\"elementor-widget-wrap elementor-element-populated\">\n\t\t\t\t\t\t<div class=\"elementor-element elementor-element-5360dde elementor-widget elementor-widget-heading\" data-id=\"5360dde\" data-element_type=\"widget\" data-widget_type=\"heading.default\">\n\t\t\t\t<div class=\"elementor-widget-container\">\n\t\t\t<style>\/*! elementor - v3.20.0 - 26-03-2024 *\/\n.elementor-heading-title{padding:0;margin:0;line-height:1}.elementor-widget-heading .elementor-heading-title[class*=elementor-size-]>a{color:inherit;font-size:inherit;line-height:inherit}.elementor-widget-heading .elementor-heading-title.elementor-size-small{font-size:15px}.elementor-widget-heading .elementor-heading-title.elementor-size-medium{font-size:19px}.elementor-widget-heading .elementor-heading-title.elementor-size-large{font-size:29px}.elementor-widget-heading .elementor-heading-title.elementor-size-xl{font-size:39px}.elementor-widget-heading .elementor-heading-title.elementor-size-xxl{font-size:59px}<\/style><h2 class=\"elementor-heading-title elementor-size-default\">Conseil et assistance strat\u00e9gique :<\/h2>\t\t<\/div>\n\t\t\t\t<\/div>\n\t\t\t\t<div class=\"elementor-element elementor-element-1e8e024 elementor-widget elementor-widget-text-editor\" data-id=\"1e8e024\" data-element_type=\"widget\" data-widget_type=\"text-editor.default\">\n\t\t\t\t<div class=\"elementor-widget-container\">\n\t\t\t<style>\/*! elementor - v3.20.0 - 26-03-2024 *\/\n.elementor-widget-text-editor.elementor-drop-cap-view-stacked .elementor-drop-cap{background-color:#69727d;color:#fff}.elementor-widget-text-editor.elementor-drop-cap-view-framed .elementor-drop-cap{color:#69727d;border:3px solid;background-color:transparent}.elementor-widget-text-editor:not(.elementor-drop-cap-view-default) .elementor-drop-cap{margin-top:8px}.elementor-widget-text-editor:not(.elementor-drop-cap-view-default) .elementor-drop-cap-letter{width:1em;height:1em}.elementor-widget-text-editor .elementor-drop-cap{float:left;text-align:center;line-height:1;font-size:50px}.elementor-widget-text-editor .elementor-drop-cap-letter{display:inline-block}<\/style>\t\t\t\t<p><strong>HSA international consulting &amp; training<\/strong>\u00a0vous fait part d\u2019une expertise pertinente de conseil strat\u00e9gique pour :<\/p>\t\t\t\t\t\t<\/div>\n\t\t\t\t<\/div>\n\t\t\t\t\t<\/div>\n\t\t<\/div>\n\t\t\t\t\t<\/div>\n\t\t<\/section>\n\t\t\t\t<section class=\"elementor-section elementor-top-section elementor-element elementor-element-f627bfb elementor-section-boxed elementor-section-height-default elementor-section-height-default\" data-id=\"f627bfb\" data-element_type=\"section\">\n\t\t\t\t\t\t<div class=\"elementor-container elementor-column-gap-default\">\n\t\t\t\t\t<div class=\"elementor-column elementor-col-50 elementor-top-column elementor-element elementor-element-f329011\" data-id=\"f329011\" data-element_type=\"column\">\n\t\t\t<div class=\"elementor-widget-wrap elementor-element-populated\">\n\t\t\t\t\t\t<div class=\"elementor-element elementor-element-0809ec5 elementor-widget elementor-widget-text-editor\" data-id=\"0809ec5\" data-element_type=\"widget\" data-widget_type=\"text-editor.default\">\n\t\t\t\t<div class=\"elementor-widget-container\">\n\t\t\t\t\t\t\t<ul><li>Elaborer une strat\u00e9gie sur-mesure pour votre Entreprise ainsi que la conception du Business plan y aff\u00e9rent et sa mise en \u0153uvre<\/li><li>Prendre les meilleures d\u00e9cisions strat\u00e9giques et op\u00e9rationnelles pour am\u00e9liorer le positionnement de votre Entreprise<\/li><li>D\u00e9finir les grandes orientations et les plans d\u2019actions de votre Entreprise<\/li><li>Analyser et adapter continuellement la strat\u00e9gie de d\u00e9veloppement de votre Entreprise face aux opportunit\u00e9s et aux menaces impos\u00e9s par un environnement concurrentiel en perp\u00e9tuelle \u00e9volution.<\/li><\/ul>\t\t\t\t\t\t<\/div>\n\t\t\t\t<\/div>\n\t\t\t\t\t<\/div>\n\t\t<\/div>\n\t\t\t\t<div class=\"elementor-column elementor-col-50 elementor-top-column elementor-element elementor-element-c2fb784\" data-id=\"c2fb784\" data-element_type=\"column\">\n\t\t\t<div class=\"elementor-widget-wrap elementor-element-populated\">\n\t\t\t\t\t\t<div class=\"elementor-element elementor-element-6e21c84 elementor-widget elementor-widget-image\" data-id=\"6e21c84\" data-element_type=\"widget\" data-widget_type=\"image.default\">\n\t\t\t\t<div class=\"elementor-widget-container\">\n\t\t\t<style>\/*! elementor - v3.20.0 - 26-03-2024 *\/\n.elementor-widget-image{text-align:center}.elementor-widget-image a{display:inline-block}.elementor-widget-image a img[src$=\".svg\"]{width:48px}.elementor-widget-image img{vertical-align:middle;display:inline-block}<\/style>\t\t\t\t\t\t\t\t\t\t<img fetchpriority=\"high\" decoding=\"async\" width=\"1024\" height=\"683\" src=\"https:\/\/hsa-consulting.com\/wp-content\/uploads\/2023\/03\/GettyImages-942583674-671175c03466468ba734c9f062321334-1024x683.jpg\" class=\"attachment-large size-large wp-image-4336\" alt=\"\" srcset=\"https:\/\/hsa-consulting.com\/wp-content\/uploads\/2023\/03\/GettyImages-942583674-671175c03466468ba734c9f062321334-1024x683.jpg 1024w, https:\/\/hsa-consulting.com\/wp-content\/uploads\/2023\/03\/GettyImages-942583674-671175c03466468ba734c9f062321334-300x200.jpg 300w, https:\/\/hsa-consulting.com\/wp-content\/uploads\/2023\/03\/GettyImages-942583674-671175c03466468ba734c9f062321334-768x512.jpg 768w, https:\/\/hsa-consulting.com\/wp-content\/uploads\/2023\/03\/GettyImages-942583674-671175c03466468ba734c9f062321334-1080x720.jpg 1080w, https:\/\/hsa-consulting.com\/wp-content\/uploads\/2023\/03\/GettyImages-942583674-671175c03466468ba734c9f062321334.jpg 1500w\" sizes=\"(max-width: 1024px) 100vw, 1024px\" \/>\t\t\t\t\t\t\t\t\t\t\t\t\t<\/div>\n\t\t\t\t<\/div>\n\t\t\t\t\t<\/div>\n\t\t<\/div>\n\t\t\t\t\t<\/div>\n\t\t<\/section>\n\t\t\t\t<\/div>\n\t\t","protected":false},"excerpt":{"rendered":"<p>Conseil et assistance strat\u00e9gique : HSA international consulting &amp; training\u00a0vous fait part d\u2019une expertise pertinente de conseil strat\u00e9gique pour : Elaborer une strat\u00e9gie sur-mesure pour votre Entreprise ainsi que la conception du Business plan y aff\u00e9rent et sa mise en \u0153uvre Prendre les meilleures d\u00e9cisions strat\u00e9giques et op\u00e9rationnelles pour am\u00e9liorer le positionnement de votre Entreprise [&hellip;]<\/p>\n","protected":false},"author":2,"featured_media":0,"parent":0,"menu_order":0,"comment_status":"closed","ping_status":"closed","template":"","meta":{"_vp_format_video_url":"","_vp_image_focal_point":[],"footnotes":""},"class_list":["post-5050","page","type-page","status-publish","hentry"],"_links":{"self":[{"href":"https:\/\/hsa-consulting.com\/index.php?rest_route=\/wp\/v2\/pages\/5050","targetHints":{"allow":["GET"]}}],"collection":[{"href":"https:\/\/hsa-consulting.com\/index.php?rest_route=\/wp\/v2\/pages"}],"about":[{"href":"https:\/\/hsa-consulting.com\/index.php?rest_route=\/wp\/v2\/types\/page"}],"author":[{"embeddable":true,"href":"https:\/\/hsa-consulting.com\/index.php?rest_route=\/wp\/v2\/users\/2"}],"replies":[{"embeddable":true,"href":"https:\/\/hsa-consulting.com\/index.php?rest_route=%2Fwp%2Fv2%2Fcomments&post=5050"}],"version-history":[{"count":28,"href":"https:\/\/hsa-consulting.com\/index.php?rest_route=\/wp\/v2\/pages\/5050\/revisions"}],"predecessor-version":[{"id":5718,"href":"https:\/\/hsa-consulting.com\/index.php?rest_route=\/wp\/v2\/pages\/5050\/revisions\/5718"}],"wp:attachment":[{"href":"https:\/\/hsa-consulting.com\/index.php?rest_route=%2Fwp%2Fv2%2Fmedia&parent=5050"}],"curies":[{"name":"wp","href":"https:\/\/api.w.org\/{rel}","templated":true}]}}